{"id":13725,"date":"2023-11-26T13:37:25","date_gmt":"2023-11-26T12:37:25","guid":{"rendered":"https:\/\/fsnv.univ-bba.dz\/?page_id=13725"},"modified":"2025-12-08T14:46:08","modified_gmt":"2025-12-08T13:46:08","slug":"departement-des-sciences-agronomiques","status":"publish","type":"page","link":"https:\/\/fsnv.univ-bba.dz\/?page_id=13725","title":{"rendered":"D\u00e9partement Des Sciences Agronomiques"},"content":{"rendered":"\r\n<header class=\"entry-header ast-no-thumbnail\">\r\n<h6 class=\"entry-title\">\u00a0<\/h6>\r\n<\/header>\r\n<div class=\"entry-content clear\">\r\n<p><a href=\"https:\/\/fsnv.univ-bba.dz\/wp-content\/uploads\/2022\/02\/......png\"><img loading=\"lazy\" decoding=\"async\" class=\"alignleft\" src=\"https:\/\/fsnv.univ-bba.dz\/wp-content\/uploads\/2022\/02\/.....png\" alt=\"\" width=\"112\" height=\"104\" \/><\/a><\/p>\r\n<p><span style=\"color: #000000;\"><strong>Dr&#8230;&#8230;.<\/strong><\/span><\/p>\r\n<p><span style=\"color: #000000;\">Le Chef De D\u00e9partement<\/span><\/p>\r\n<p><span style=\"color: #000000;\"><strong>Email<\/strong>\u00a0:\u00a0<strong><a style=\"color: #000000;\" href=\"mailto:......@univ-bba.dz\">&#8230;&#8230;..@Univ-Bba.Dz<\/a><\/strong><\/span><\/p>\r\n<hr \/>\r\n<p style=\"text-align: center;\"><span style=\"color: #ff0000;\"><strong>liste des sp\u00e9cialit\u00e9s<\/strong><\/span><\/p>\r\n<hr \/><\/div>\r\n<table dir=\"ltr\" border=\"1\" cellspacing=\"0\" cellpadding=\"0\" data-sheets-root=\"1\"><colgroup><col width=\"272\" \/><\/colgroup>\r\n<tbody>\r\n<tr>\r\n<td data-sheets-value=\"{&quot;1&quot;:2,&quot;2&quot;:&quot;1\u00e8re ann\u00e9e Ing\u00e9nieur&quot;}\">1\u00e8re ann\u00e9e Ing\u00e9nieur<\/td>\r\n<\/tr>\r\n<tr>\r\n<td data-sheets-value=\"{&quot;1&quot;:2,&quot;2&quot;:&quot;L2 Sciecnes Agronomiques&quot;}\">L2 Sciecnes Agronomiques<\/td>\r\n<\/tr>\r\n<tr>\r\n<td data-sheets-value=\"{&quot;1&quot;:2,&quot;2&quot;:&quot;L3 Production Animale&quot;}\">L3 Production Animale<\/td>\r\n<\/tr>\r\n<tr>\r\n<td data-sheets-value=\"{&quot;1&quot;:2,&quot;2&quot;:&quot;L3 Production V\u00e9g\u00e9tale&quot;}\">L3 Production V\u00e9g\u00e9tale<\/td>\r\n<\/tr>\r\n<tr>\r\n<td data-sheets-value=\"{&quot;1&quot;:2,&quot;2&quot;:&quot;L3 Protection des v\u00e9g\u00e9taux&quot;}\">L3 Protection des v\u00e9g\u00e9taux<\/td>\r\n<\/tr>\r\n<tr>\r\n<td data-sheets-value=\"{&quot;1&quot;:2,&quot;2&quot;:&quot;L3 Sol et Eau&quot;}\">L3 Sol et Eau<\/td>\r\n<\/tr>\r\n<tr>\r\n<td data-sheets-value=\"{&quot;1&quot;:2,&quot;2&quot;:&quot;M1 Am\u00e9lioration des plantes&quot;}\">M1 Am\u00e9lioration des plantes<\/td>\r\n<\/tr>\r\n<tr>\r\n<td data-sheets-value=\"{&quot;1&quot;:2,&quot;2&quot;:&quot;M1 Am\u00e9nagement Hydro-agricole&quot;}\">M1 Am\u00e9nagement Hydro-agricole<\/td>\r\n<\/tr>\r\n<tr>\r\n<td data-sheets-value=\"{&quot;1&quot;:2,&quot;2&quot;:&quot;M1 Production Animale&quot;}\">M1 Production Animale<\/td>\r\n<\/tr>\r\n<tr>\r\n<td data-sheets-value=\"{&quot;1&quot;:2,&quot;2&quot;:&quot;M1 Protection des v\u00e9g\u00e9taux&quot;}\">M1 Protection des v\u00e9g\u00e9taux<\/td>\r\n<\/tr>\r\n<tr>\r\n<td data-sheets-value=\"{&quot;1&quot;:2,&quot;2&quot;:&quot;M2 Am\u00e9lioration des plantes&quot;}\">M2 Am\u00e9lioration des plantes<\/td>\r\n<\/tr>\r\n<tr>\r\n<td data-sheets-value=\"{&quot;1&quot;:2,&quot;2&quot;:&quot;M2 Am\u00e9nagement Hydro-agricole&quot;}\">M2 Am\u00e9nagement Hydro-agricole<\/td>\r\n<\/tr>\r\n<tr>\r\n<td data-sheets-value=\"{&quot;1&quot;:2,&quot;2&quot;:&quot;M2 Protection des v\u00e9g\u00e9taux&quot;}\">M2 Protection des v\u00e9g\u00e9taux<\/td>\r\n<\/tr>\r\n<\/tbody>\r\n<\/table>\r\n","protected":false},"excerpt":{"rendered":"<p>\u00a0 Dr&#8230;&#8230;. Le Chef De D\u00e9partement Email\u00a0:\u00a0&#8230;&#8230;..@Univ-Bba.Dz liste des sp\u00e9cialit\u00e9s 1\u00e8re ann\u00e9e Ing\u00e9nieur L2 Sciecnes Agronomiques L3 Production Animale L3 Production V\u00e9g\u00e9tale L3 Protection des v\u00e9g\u00e9taux L3 Sol et Eau&hellip;<\/p>\n","protected":false},"author":1,"featured_media":0,"parent":64,"menu_order":0,"comment_status":"closed","ping_status":"closed","template":"","meta":{"footnotes":""},"class_list":["post-13725","page","type-page","status-publish","hentry"],"_links":{"self":[{"href":"https:\/\/fsnv.univ-bba.dz\/index.php?rest_route=\/wp\/v2\/pages\/13725","targetHints":{"allow":["GET"]}}],"collection":[{"href":"https:\/\/fsnv.univ-bba.dz\/index.php?rest_route=\/wp\/v2\/pages"}],"about":[{"href":"https:\/\/fsnv.univ-bba.dz\/index.php?rest_route=\/wp\/v2\/types\/page"}],"author":[{"embeddable":true,"href":"https:\/\/fsnv.univ-bba.dz\/index.php?rest_route=\/wp\/v2\/users\/1"}],"replies":[{"embeddable":true,"href":"https:\/\/fsnv.univ-bba.dz\/index.php?rest_route=%2Fwp%2Fv2%2Fcomments&post=13725"}],"version-history":[{"count":13,"href":"https:\/\/fsnv.univ-bba.dz\/index.php?rest_route=\/wp\/v2\/pages\/13725\/revisions"}],"predecessor-version":[{"id":17580,"href":"https:\/\/fsnv.univ-bba.dz\/index.php?rest_route=\/wp\/v2\/pages\/13725\/revisions\/17580"}],"up":[{"embeddable":true,"href":"https:\/\/fsnv.univ-bba.dz\/index.php?rest_route=\/wp\/v2\/pages\/64"}],"wp:attachment":[{"href":"https:\/\/fsnv.univ-bba.dz\/index.php?rest_route=%2Fwp%2Fv2%2Fmedia&parent=13725"}],"curies":[{"name":"wp","href":"https:\/\/api.w.org\/{rel}","templated":true}]}}