{"id":14444,"date":"2024-01-29T10:45:56","date_gmt":"2024-01-29T09:45:56","guid":{"rendered":"https:\/\/fsnv.univ-bba.dz\/?page_id=14444"},"modified":"2025-11-18T09:17:08","modified_gmt":"2025-11-18T08:17:08","slug":"vice-doyen-charge-des-etudes-et-des-questions-liees-aux-etudiants","status":"publish","type":"page","link":"https:\/\/fsnv.univ-bba.dz\/?page_id=14444","title":{"rendered":"Vice doyen charg\u00e9 des \u00e9tudes et des questions li\u00e9es aux \u00e9tudiants"},"content":{"rendered":"\r\n<div class=\"dt-layout-row dt-layout-table\">\r\n<div class=\"dt-layout-cell  dt-layout-full\">\u00a0<\/div>\r\n<\/div>\r\n<div class=\"dt-layout-row\">\r\n<div class=\"dt-layout-cell dt-layout-start\">\u00a0<\/div>\r\n<\/div>\r\n","protected":false},"excerpt":{"rendered":"<p>\u00a0 \u00a0<\/p>\n","protected":false},"author":1,"featured_media":0,"parent":0,"menu_order":0,"comment_status":"closed","ping_status":"closed","template":"","meta":{"footnotes":""},"class_list":["post-14444","page","type-page","status-publish","hentry"],"_links":{"self":[{"href":"https:\/\/fsnv.univ-bba.dz\/index.php?rest_route=\/wp\/v2\/pages\/14444","targetHints":{"allow":["GET"]}}],"collection":[{"href":"https:\/\/fsnv.univ-bba.dz\/index.php?rest_route=\/wp\/v2\/pages"}],"about":[{"href":"https:\/\/fsnv.univ-bba.dz\/index.php?rest_route=\/wp\/v2\/types\/page"}],"author":[{"embeddable":true,"href":"https:\/\/fsnv.univ-bba.dz\/index.php?rest_route=\/wp\/v2\/users\/1"}],"replies":[{"embeddable":true,"href":"https:\/\/fsnv.univ-bba.dz\/index.php?rest_route=%2Fwp%2Fv2%2Fcomments&post=14444"}],"version-history":[{"count":4,"href":"https:\/\/fsnv.univ-bba.dz\/index.php?rest_route=\/wp\/v2\/pages\/14444\/revisions"}],"predecessor-version":[{"id":17518,"href":"https:\/\/fsnv.univ-bba.dz\/index.php?rest_route=\/wp\/v2\/pages\/14444\/revisions\/17518"}],"wp:attachment":[{"href":"https:\/\/fsnv.univ-bba.dz\/index.php?rest_route=%2Fwp%2Fv2%2Fmedia&parent=14444"}],"curies":[{"name":"wp","href":"https:\/\/api.w.org\/{rel}","templated":true}]}}