{"id":14625,"date":"2024-02-01T13:05:52","date_gmt":"2024-02-01T12:05:52","guid":{"rendered":"https:\/\/fsnv.univ-bba.dz\/?page_id=14625"},"modified":"2024-02-01T13:36:54","modified_gmt":"2024-02-01T12:36:54","slug":"espace-etudiants","status":"publish","type":"page","link":"https:\/\/fsnv.univ-bba.dz\/?page_id=14625","title":{"rendered":"ESPACE ETUDIANTS"},"content":{"rendered":"\n<p>\u00a0<\/p>\n<table style=\"border-collapse: collapse; width: 100%; height: 150px;\">\n<tbody>\n<tr style=\"height: 25px;\">\n<td style=\"width: 100%; border-color: #000000; border-style: solid; text-align: left; height: 25px;\"><strong><span style=\"color: #800000; font-family: 'book antiqua', palatino, serif;\"><a style=\"color: #800000;\" href=\"https:\/\/docs.google.com\/forms\/d\/e\/1FAIpQLScvZTglHjIzji_5fXZ8EUkoVmUN3BwduSoyRjafTc-T5erJ_g\/viewform?fbclid=IwAR3HIaV3KCxBwa8kv_J_hKEIF_E62unGtuwMT8nTKrNv8dDfrFffwIUvJzY\">Espace de r\u00e9clamation <\/a><\/span><\/strong><\/td>\n<\/tr>\n<tr style=\"height: 25px;\">\n<td style=\"width: 100%; border-color: #000000; border-style: solid; height: 25px;\"><a href=\"https:\/\/fsnv.univ-bba.dz\/?page_id=14644\"><strong><span style=\"font-family: 'book antiqua', palatino, serif; color: #800000;\">Corrig\u00e9 Type S1 2023-2024<\/span><\/strong><\/a><\/td>\n<\/tr>\n<tr style=\"height: 25px;\">\n<td style=\"width: 100%; border-color: #000000; border-style: solid; height: 25px;\"><a href=\"https:\/\/fsnv.univ-bba.dz\/?page_id=14641\"><strong style=\"font-size: revert; color: initial;\"><span style=\"font-family: 'book antiqua', palatino, serif; color: #800000;\">Relev\u00e9 des notes selon le mod\u00e8le minist\u00e9riel\u00a0<\/span><\/strong><\/a><\/td>\n<\/tr>\n<tr style=\"height: 25px;\">\n<td style=\"width: 100%; border-color: #000000; border-style: solid; height: 25px;\"><a href=\"https:\/\/fsnv.univ-bba.dz\/?page_id=14649\"><strong><span style=\"font-family: 'book antiqua', palatino, serif; color: #800000;\">Cours a t\u00e9l\u00e9charger<\/span><\/strong><\/a><\/td>\n<\/tr>\n<tr style=\"height: 25px;\">\n<td style=\"width: 100%; border-color: #000000; border-style: solid; height: 25px;\"><strong><a style=\"color: #800000;\" href=\"https:\/\/fsnv.univ-bba.dz\/?page_id=2280\"><span style=\"color: #800000; font-family: 'book antiqua', palatino, serif;\">Documents a <\/span><span style=\"color: #800000; font-family: book antiqua, palatino, serif;\">t\u00e9l\u00e9charger<\/span><\/a><\/strong><\/td>\n<\/tr>\n<tr style=\"height: 25px;\">\n<td style=\"width: 100%; border-color: #000000; border-style: solid; height: 25px;\"><strong><span style=\"font-family: 'book antiqua', palatino, serif; color: #800000;\"><a style=\"color: #800000;\" href=\"https:\/\/elearning.univ-bba.dz\/\">E-Learning<\/a><\/span><\/strong><\/td>\n<\/tr>\n<\/tbody>\n<\/table>\n<p>\u00a0<\/p>\n","protected":false},"excerpt":{"rendered":"<p>\u00a0 Espace de r\u00e9clamation Corrig\u00e9 Type S1 2023-2024 Relev\u00e9 des notes selon le mod\u00e8le minist\u00e9riel\u00a0 Cours a t\u00e9l\u00e9charger Documents a t\u00e9l\u00e9charger E-Learning \u00a0<\/p>\n","protected":false},"author":1,"featured_media":0,"parent":986,"menu_order":0,"comment_status":"closed","ping_status":"closed","template":"","meta":{"footnotes":""},"class_list":["post-14625","page","type-page","status-publish","hentry"],"_links":{"self":[{"href":"https:\/\/fsnv.univ-bba.dz\/index.php?rest_route=\/wp\/v2\/pages\/14625","targetHints":{"allow":["GET"]}}],"collection":[{"href":"https:\/\/fsnv.univ-bba.dz\/index.php?rest_route=\/wp\/v2\/pages"}],"about":[{"href":"https:\/\/fsnv.univ-bba.dz\/index.php?rest_route=\/wp\/v2\/types\/page"}],"author":[{"embeddable":true,"href":"https:\/\/fsnv.univ-bba.dz\/index.php?rest_route=\/wp\/v2\/users\/1"}],"replies":[{"embeddable":true,"href":"https:\/\/fsnv.univ-bba.dz\/index.php?rest_route=%2Fwp%2Fv2%2Fcomments&post=14625"}],"version-history":[{"count":10,"href":"https:\/\/fsnv.univ-bba.dz\/index.php?rest_route=\/wp\/v2\/pages\/14625\/revisions"}],"predecessor-version":[{"id":14651,"href":"https:\/\/fsnv.univ-bba.dz\/index.php?rest_route=\/wp\/v2\/pages\/14625\/revisions\/14651"}],"up":[{"embeddable":true,"href":"https:\/\/fsnv.univ-bba.dz\/index.php?rest_route=\/wp\/v2\/pages\/986"}],"wp:attachment":[{"href":"https:\/\/fsnv.univ-bba.dz\/index.php?rest_route=%2Fwp%2Fv2%2Fmedia&parent=14625"}],"curies":[{"name":"wp","href":"https:\/\/api.w.org\/{rel}","templated":true}]}}