{"id":17297,"date":"2025-10-07T10:10:22","date_gmt":"2025-10-07T08:10:22","guid":{"rendered":"https:\/\/fsnv.univ-bba.dz\/?page_id=17297"},"modified":"2026-01-04T09:05:47","modified_gmt":"2026-01-04T08:05:47","slug":"le-personnel-administratif-de-la-faculte","status":"publish","type":"page","link":"https:\/\/fsnv.univ-bba.dz\/?page_id=17297","title":{"rendered":"\u00c9quipe administrative de la facult\u00e9"},"content":{"rendered":"\r\n<p>&nbsp;<\/p>\r\n<p>&nbsp;<\/p>\r\n<p><style>\r\n        :root {\r\n            --primary-color: #1a3e72;\r\n            --secondary-color: #2a56a5;\r\n            --accent-color: #e74c3c;\r\n            --light-color: #f8f9fa;\r\n            --dark-color: #343a40;\r\n            --text-color: #333;\r\n            --border-radius: 8px;\r\n            --box-shadow: 0 5px 15px rgba(0, 0, 0, 0.1);\r\n        }\r\n        \r\n        body {\r\n            font-family: 'Tajawal', 'Arial', sans-serif;\r\n            background-color: #f5f7fa;\r\n            color: var(--text-color);\r\n            line-height: 1.6;\r\n            margin: 0;\r\n            padding: 0;\r\n        }\r\n        \r\n        .container {\r\n            max-width: 1200px;\r\n            margin: 0 auto;\r\n            padding: 20px;\r\n        }\r\n        \r\n        .page-header {\r\n            background: linear-gradient(135deg, var(--primary-color), var(--secondary-color));\r\n            color: white;\r\n            padding: 30px 0;\r\n            text-align: center;\r\n            border-radius: var(--border-radius);\r\n            margin-bottom: 40px;\r\n            box-shadow: var(--box-shadow);\r\n            position: relative;\r\n            overflow: hidden;\r\n        }\r\n        \r\n        .page-header::before {\r\n            content: '';\r\n            position: absolute;\r\n            top: 0;\r\n            right: 0;\r\n            width: 100%;\r\n            height: 100%;\r\n            background: url('https:\/\/fsnv.univ-bba.dz\/wp-content\/uploads\/2024\/04\/univ-logo.png') no-repeat;\r\n            background-size: 150px;\r\n            background-position: 90% center;\r\n            opacity: 0.1;\r\n        }\r\n        \r\n        .page-header h1 {\r\n            margin: 0;\r\n            font-size: 2.5rem;\r\n            font-weight: 700;\r\n            position: relative;\r\n        }\r\n        \r\n        .faculty-staff {\r\n            display: grid;\r\n            grid-template-columns: repeat(auto-fill, minmax(350px, 1fr));\r\n            gap: 25px;\r\n        }\r\n        \r\n        .staff-card {\r\n            background-color: white;\r\n            border-radius: var(--border-radius);\r\n            box-shadow: var(--box-shadow);\r\n            overflow: hidden;\r\n            transition: transform 0.3s, box-shadow 0.3s;\r\n            display: flex;\r\n        }\r\n        \r\n        .staff-card:hover {\r\n            transform: translateY(-5px);\r\n            box-shadow: 0 10px 25px rgba(0, 0, 0, 0.15);\r\n        }\r\n        \r\n        .staff-photo {\r\n            width: 120px;\r\n            background-color: #f0f0f0;\r\n            display: flex;\r\n            align-items: center;\r\n            justify-content: center;\r\n            border-left: 1px solid #eee;\r\n        }\r\n        \r\n        .staff-photo img {\r\n            width: 100%;\r\n            height: 100%;\r\n            object-fit: cover;\r\n        }\r\n        \r\n        .default-photo {\r\n            font-size: 3rem;\r\n            color: var(--secondary-color);\r\n            opacity: 0.7;\r\n        }\r\n        \r\n        .staff-info {\r\n            flex: 1;\r\n            padding: 20px;\r\n            position: relative;\r\n        }\r\n        \r\n        .staff-info::before {\r\n            content: '';\r\n            position: absolute;\r\n            top: 0;\r\n            right: 0;\r\n            width: 4px;\r\n            height: 100%;\r\n            background-color: var(--secondary-color);\r\n        }\r\n        \r\n        .staff-name {\r\n            font-size: 1.3rem;\r\n            font-weight: 700;\r\n            color: var(--primary-color);\r\n            margin-bottom: 5px;\r\n        }\r\n        \r\n        .staff-title {\r\n            font-size: 1rem;\r\n            color: var(--secondary-color);\r\n            font-weight: 600;\r\n            margin-bottom: 15px;\r\n            padding-bottom: 10px;\r\n            border-bottom: 1px dashed #ddd;\r\n        }\r\n        \r\n        .staff-contact {\r\n            display: flex;\r\n            align-items: center;\r\n            margin-top: 10px;\r\n        }\r\n        \r\n        .staff-contact i {\r\n            width: 25px;\r\n            color: var(--secondary-color);\r\n            font-size: 1rem;\r\n        }\r\n        \r\n        .staff-email {\r\n            color: var(--secondary-color);\r\n            text-decoration: none;\r\n            transition: color 0.3s;\r\n            word-break: break-all;\r\n        }\r\n        \r\n        .staff-email:hover {\r\n            color: var(--accent-color);\r\n            text-decoration: underline;\r\n        }\r\n        \r\n        .dean-card {\r\n            grid-column: 1 \/ -1;\r\n            background: linear-gradient(135deg, #f8f9fa, #e9ecef);\r\n            border: 2px solid var(--secondary-color);\r\n        }\r\n        \r\n        .dean-card .staff-name {\r\n            font-size: 1.5rem;\r\n            color: var(--primary-color);\r\n        }\r\n        \r\n        .dean-card .staff-title {\r\n            font-size: 1.2rem;\r\n            color: var(--secondary-color);\r\n        }\r\n        \r\n        @media (max-width: 768px) {\r\n            .faculty-staff {\r\n                grid-template-columns: 1fr;\r\n            }\r\n            \r\n            .page-header h1 {\r\n                font-size: 2rem;\r\n            }\r\n            \r\n            .staff-card {\r\n                flex-direction: column;\r\n            }\r\n            \r\n            .staff-photo {\r\n                width: 100%;\r\n                height: 150px;\r\n                border-left: none;\r\n                border-bottom: 1px solid #eee;\r\n            }\r\n        }\r\n    <\/style><\/p>\r\n<p>&nbsp;<\/p>\r\n<div class=\"container\"><header class=\"page-header\">\r\n<p>\u00c9quipe administrative de la facult\u00e9<\/p>\r\n<\/header>\r\n<div class=\"faculty-staff\"><!-- Doyen -->\r\n<div class=\"staff-card dean-card\">\r\n<div class=\"staff-photo\"><img decoding=\"async\" src=\"https:\/\/fsnv.univ-bba.dz\/wp-content\/uploads\/2024\/04\/620f36b1-e529-4ef1-bb6d-ebc9aea0c08e.jpg\" alt=\"Pr. Boubellouta Tahar\" \/><\/div>\r\n<div class=\"staff-info\">\r\n<div class=\"staff-name\">Pr. Boubellouta Tahar<\/div>\r\n<div class=\"staff-title\">Doyen de la facult\u00e9<\/div>\r\n<div class=\"staff-contact\"><i class=\"fas fa-envelope\"><\/i> <a class=\"staff-email\" href=\"mailto:t.boubellouta@univ-bba.dz\">t.boubellouta@univ-bba.dz<\/a><\/div>\r\n<\/div>\r\n<\/div>\r\n<div class=\"staff-card\">\r\n<div class=\"staff-photo\"><img decoding=\"async\" src=\"https:\/\/fsnv.univ-bba.dz\/wp-content\/uploads\/2025\/12\/2025-12-07-09-21-22.png\" alt=\"Dr. AIT MECHEDAL MOULOUD\" \/>\u00a0<\/div>\r\n<div class=\"staff-info\">\r\n<div class=\"staff-name\">Dr. Ait Mechedal Mouloud\u00a0<\/div>\r\n<div class=\"staff-title\">Vice-doyen charg\u00e9 des \u00e9tudes et des affaires des \u00e9tudiants<\/div>\r\n<div class=\"staff-contact\"><i class=\"fas fa-envelope\"><\/i> <a class=\"staff-email\" href=\"mailto:vdp.snv@univ-bba.dz\">vdp.snv@univ-bba.dz<\/a><\/div>\r\n<\/div>\r\n<\/div>\r\n<div class=\"staff-card\">\r\n<div class=\"staff-photo\"><img decoding=\"async\" src=\"https:\/\/fsnv.univ-bba.dz\/wp-content\/uploads\/2025\/07\/Sans-titre.png\" alt=\"Dr. Semara Lounis\" \/><\/div>\r\n<div class=\"staff-info\">\r\n<div class=\"staff-name\">Dr. Semara Lounis<\/div>\r\n<div class=\"staff-title\">Vice-doyen charg\u00e9 des \u00e9tudes post-gradu\u00e9es, de la recherche scientifique et des relations ext\u00e9rieures<\/div>\r\n<div class=\"staff-contact\"><i class=\"fas fa-envelope\"><\/i> <a class=\"staff-email\" href=\"mailto:vdrext.snv@univ-bba.dz\">vdrext.snv@univ-bba.dz<\/a><\/div>\r\n<\/div>\r\n<\/div>\r\n<div class=\"staff-card\">\r\n<div class=\"staff-photo\"><img decoding=\"async\" src=\"...........\" \/><\/div>\r\n<div class=\"staff-info\">\r\n<div class=\"staff-name\">&#8230;&#8230;&#8230;&#8230;&#8230;<\/div>\r\n<div class=\"staff-title\">Chef du d\u00e9partement des sciences biologiques<\/div>\r\n<div class=\"staff-contact\"><i class=\"fas fa-envelope\"><\/i> <a class=\"staff-email\" href=\"mailto:dep-sb-fsnv@univ-bba.dz\">dep-sb-fsnv@univ-bba.dz<\/a><\/div><\/div>\r\n<\/div>\r\n<div class=\"staff-card\">\r\n<div class=\"staff-photo\">\u00a0<\/div>\r\n<div class=\"staff-info\">\r\n<div class=\"staff-name\">Dr.\u00a0<\/div>\r\n<div class=\"staff-title\">Chef du d\u00e9partement des sciences agronomiques<\/div>\r\n<div class=\"staff-contact\"><i class=\"fas fa-envelope\"><\/i> <a class=\"staff-email\" href=\"mailto:dep-sagro-fsnv@univ-bba.dz\">dep-sagro-fsnv@univ-bba.dz<\/a><\/div><\/div>\r\n<\/div>\r\n<\/div>\r\n<div class=\"staff-card\">\r\n<div class=\"staff-photo\"><img decoding=\"async\" src=\"https:\/\/fsnv.univ-bba.dz\/wp-content\/uploads\/2024\/04\/photos.jpg\" alt=\"Dr. Sedrati Tahar\" \/><\/div>\r\n<div class=\"staff-info\">\r\n<div class=\"staff-name\">Dr. Sedrati Tahar<\/div>\r\n<div class=\"staff-title\">Chef du d\u00e9partement des sciences alimentaires<\/div>\r\n<div class=\"staff-contact\"><i class=\"fas fa-envelope\"><\/i> <a class=\"staff-email\" href=\"mailto:dep-sa-fsnv@univ-bba.dz\">dep-sa-fsnv@univ-bba.dz<\/a><\/div>\r\n<\/div>\r\n<div class=\"staff-card\">\r\n<div class=\"staff-photo\"><img decoding=\"async\" src=\"https:\/\/fsnv.univ-bba.dz\/wp-content\/uploads\/2024\/04\/bibak.png\" alt=\"Dr. Bibak Mohamed\" \/><\/div>\r\n<div class=\"staff-info\">\r\n<div class=\"staff-name\">Dr. Bibak Mohamed<\/div>\r\n<div class=\"staff-title\">Chef du d\u00e9partement de l\u2019environnement et de l\u2019\u00e9cologie<\/div>\r\n<div class=\"staff-contact\"><i class=\"fas fa-envelope\"><\/i> <a class=\"staff-email\" href=\"mailto:dep-eco-fsnv@univ-bba.dz\">\r\ndep-eco-fsnv@univ-bba.dz<\/a><\/div>\r\n<\/div>\r\n<\/div>\r\n<\/div>\r\n<\/div>\r\n<p>&nbsp;<\/p>\r\n\r\n<p>&nbsp;<\/p>","protected":false},"excerpt":{"rendered":"<p>&nbsp; &nbsp; &nbsp; \u00c9quipe administrative de la facult\u00e9 Pr. Boubellouta Tahar Doyen de la facult\u00e9 t.boubellouta@univ-bba.dz \u00a0 Dr. Ait Mechedal Mouloud\u00a0 Vice-doyen charg\u00e9 des \u00e9tudes et des affaires des \u00e9tudiants&hellip;<\/p>\n","protected":false},"author":1,"featured_media":0,"parent":14652,"menu_order":0,"comment_status":"closed","ping_status":"closed","template":"","meta":{"footnotes":""},"class_list":["post-17297","page","type-page","status-publish","hentry"],"_links":{"self":[{"href":"https:\/\/fsnv.univ-bba.dz\/index.php?rest_route=\/wp\/v2\/pages\/17297","targetHints":{"allow":["GET"]}}],"collection":[{"href":"https:\/\/fsnv.univ-bba.dz\/index.php?rest_route=\/wp\/v2\/pages"}],"about":[{"href":"https:\/\/fsnv.univ-bba.dz\/index.php?rest_route=\/wp\/v2\/types\/page"}],"author":[{"embeddable":true,"href":"https:\/\/fsnv.univ-bba.dz\/index.php?rest_route=\/wp\/v2\/users\/1"}],"replies":[{"embeddable":true,"href":"https:\/\/fsnv.univ-bba.dz\/index.php?rest_route=%2Fwp%2Fv2%2Fcomments&post=17297"}],"version-history":[{"count":20,"href":"https:\/\/fsnv.univ-bba.dz\/index.php?rest_route=\/wp\/v2\/pages\/17297\/revisions"}],"predecessor-version":[{"id":17607,"href":"https:\/\/fsnv.univ-bba.dz\/index.php?rest_route=\/wp\/v2\/pages\/17297\/revisions\/17607"}],"up":[{"embeddable":true,"href":"https:\/\/fsnv.univ-bba.dz\/index.php?rest_route=\/wp\/v2\/pages\/14652"}],"wp:attachment":[{"href":"https:\/\/fsnv.univ-bba.dz\/index.php?rest_route=%2Fwp%2Fv2%2Fmedia&parent=17297"}],"curies":[{"name":"wp","href":"https:\/\/api.w.org\/{rel}","templated":true}]}}