{"id":64,"date":"2018-04-15T15:35:26","date_gmt":"2018-04-15T13:35:26","guid":{"rendered":"http:\/\/fsnv.univ-bba.dz\/?page_id=64"},"modified":"2023-11-26T13:48:03","modified_gmt":"2023-11-26T12:48:03","slug":"departements","status":"publish","type":"page","link":"https:\/\/fsnv.univ-bba.dz\/?page_id=64","title":{"rendered":"D\u00e9partements"},"content":{"rendered":"<ul>\n<li><a href=\"https:\/\/fsnv.univ-bba.dz\/?page_id=13725\"><span style=\"color: #0000ff;\"><em><strong>D\u00e9partement des Sciences Agronomiques<\/strong><\/em><\/span><\/a><\/li>\n<li><a href=\"https:\/\/fsnv.univ-bba.dz\/?page_id=13729\"><span style=\"color: #0000ff;\"><em><strong>D\u00e9partement des Sciences Biologiques<\/strong><\/em><\/span><\/a><\/li>\n<li><span style=\"color: #0000ff;\"><a style=\"color: #0000ff;\" href=\"https:\/\/fsnv.univ-bba.dz\/?page_id=13715\"><strong>D\u00e9partement Ecologie et Environnement<\/strong><\/a><\/span><\/li>\n<li><span style=\"color: #0000ff;\"><a style=\"color: #0000ff;\" href=\"https:\/\/fsnv.univ-bba.dz\/?page_id=13709\"><strong>D\u00e9partement des Sciences Alimentaires<\/strong><\/a><\/span><\/li>\n<\/ul>\n","protected":false},"excerpt":{"rendered":"<p>D\u00e9partement des Sciences Agronomiques D\u00e9partement des Sciences Biologiques D\u00e9partement Ecologie et Environnement D\u00e9partement des Sciences Alimentaires<\/p>\n","protected":false},"author":1,"featured_media":0,"parent":0,"menu_order":0,"comment_status":"closed","ping_status":"closed","template":"","meta":{"footnotes":""},"class_list":["post-64","page","type-page","status-publish","hentry"],"_links":{"self":[{"href":"https:\/\/fsnv.univ-bba.dz\/index.php?rest_route=\/wp\/v2\/pages\/64","targetHints":{"allow":["GET"]}}],"collection":[{"href":"https:\/\/fsnv.univ-bba.dz\/index.php?rest_route=\/wp\/v2\/pages"}],"about":[{"href":"https:\/\/fsnv.univ-bba.dz\/index.php?rest_route=\/wp\/v2\/types\/page"}],"author":[{"embeddable":true,"href":"https:\/\/fsnv.univ-bba.dz\/index.php?rest_route=\/wp\/v2\/users\/1"}],"replies":[{"embeddable":true,"href":"https:\/\/fsnv.univ-bba.dz\/index.php?rest_route=%2Fwp%2Fv2%2Fcomments&post=64"}],"version-history":[{"count":17,"href":"https:\/\/fsnv.univ-bba.dz\/index.php?rest_route=\/wp\/v2\/pages\/64\/revisions"}],"predecessor-version":[{"id":13732,"href":"https:\/\/fsnv.univ-bba.dz\/index.php?rest_route=\/wp\/v2\/pages\/64\/revisions\/13732"}],"wp:attachment":[{"href":"https:\/\/fsnv.univ-bba.dz\/index.php?rest_route=%2Fwp%2Fv2%2Fmedia&parent=64"}],"curies":[{"name":"wp","href":"https:\/\/api.w.org\/{rel}","templated":true}]}}